{"id":209,"date":"2016-07-25T16:14:15","date_gmt":"2016-07-25T14:14:15","guid":{"rendered":"http:\/\/thomas-gehrlein.de\/?page_id=209"},"modified":"2025-05-23T09:42:54","modified_gmt":"2025-05-23T07:42:54","slug":"werdegang-2","status":"publish","type":"page","link":"https:\/\/thomas-gehrlein.de\/?page_id=209&lang=de","title":{"rendered":"Werdegang"},"content":{"rendered":"<p><strong>Ausbildung<\/strong><\/p>\n<ul>\n<li>Oktober 1991 bis Mai 1998 Studium der angewandten Sprach- und Kulturwissenschaft an der Johannes Gutenberg-Universit\u00e4t in Mainz, Fachbereich f\u00fcr angewandte Sprach- und Kulturwissenschaft in Germersheim<\/li>\n<li>Juni 1998 Abschluss als Diplom-Dolmetscher<\/li>\n<\/ul>\n<p><strong>Beruflicher Werdegang<\/strong><\/p>\n<ul>\n<li>Seit dem Diplom freiberuflich t\u00e4tig als Konferenzdolmetscher f\u00fcr die Sprachkombinationen Deutsch-Englisch und Englisch-Deutsch<\/li>\n<li>Mittlerweile \u00fcber Tausend Dolmetscheins\u00e4tze f\u00fcr weit mehr als 10.000 Zuh\u00f6rer in den unterschiedlichsten Fachgebieten<\/li>\n<li>Mitglied im <a href=\"http:\/\/vkd.bdue.de\/\">Verband der Konferenzdolmetscher im BD\u00dc e. V. (VKD)<\/a> mit dem Status VKD-Senior<\/li>\n<\/ul>\n","protected":false},"excerpt":{"rendered":"<p>Ausbildung Oktober 1991 bis Mai 1998 Studium der angewandten Sprach- und Kulturwissenschaft an der Johannes Gutenberg-Universit\u00e4t in Mainz, Fachbereich f\u00fcr angewandte Sprach- und Kulturwissenschaft in Germersheim Juni 1998 Abschluss als Diplom-Dolmetscher Beruflicher Werdegang Seit dem Diplom freiberuflich t\u00e4tig als Konferenzdolmetscher f\u00fcr die Sprachkombinationen Deutsch-Englisch und Englisch-Deutsch Mittlerweile \u00fcber Tausend Dolmetscheins\u00e4tze f\u00fcr weit mehr als 10.000&#8230;<\/p>\n","protected":false},"author":1,"featured_media":197,"parent":0,"menu_order":3,"comment_status":"closed","ping_status":"closed","template":"","meta":{"footnotes":""},"class_list":["post-209","page","type-page","status-publish","has-post-thumbnail","hentry"],"_links":{"self":[{"href":"https:\/\/thomas-gehrlein.de\/index.php?rest_route=\/wp\/v2\/pages\/209","targetHints":{"allow":["GET"]}}],"collection":[{"href":"https:\/\/thomas-gehrlein.de\/index.php?rest_route=\/wp\/v2\/pages"}],"about":[{"href":"https:\/\/thomas-gehrlein.de\/index.php?rest_route=\/wp\/v2\/types\/page"}],"author":[{"embeddable":true,"href":"https:\/\/thomas-gehrlein.de\/index.php?rest_route=\/wp\/v2\/users\/1"}],"replies":[{"embeddable":true,"href":"https:\/\/thomas-gehrlein.de\/index.php?rest_route=%2Fwp%2Fv2%2Fcomments&post=209"}],"version-history":[{"count":10,"href":"https:\/\/thomas-gehrlein.de\/index.php?rest_route=\/wp\/v2\/pages\/209\/revisions"}],"predecessor-version":[{"id":395,"href":"https:\/\/thomas-gehrlein.de\/index.php?rest_route=\/wp\/v2\/pages\/209\/revisions\/395"}],"wp:featuredmedia":[{"embeddable":true,"href":"https:\/\/thomas-gehrlein.de\/index.php?rest_route=\/wp\/v2\/media\/197"}],"wp:attachment":[{"href":"https:\/\/thomas-gehrlein.de\/index.php?rest_route=%2Fwp%2Fv2%2Fmedia&parent=209"}],"curies":[{"name":"wp","href":"https:\/\/api.w.org\/{rel}","templated":true}]}}