{"id":213,"date":"2016-07-25T16:17:31","date_gmt":"2016-07-25T14:17:31","guid":{"rendered":"http:\/\/thomas-gehrlein.de\/?page_id=213"},"modified":"2016-12-13T09:31:12","modified_gmt":"2016-12-13T07:31:12","slug":"warum-konferenzdolmetscher","status":"publish","type":"page","link":"https:\/\/thomas-gehrlein.de\/?page_id=213&lang=de","title":{"rendered":"Warum Konferenzdolmetscher?"},"content":{"rendered":"<blockquote><p>Nimm dir einen Fachmann und bezahl ihn. (A. Schnetzer)<\/p><\/blockquote>\n<p>Englisch kann doch jeder! Dieser Satz kam mir in meiner Karriere schon sehr oft unter die Ohren! Und Sie haben Recht \u2013 die meisten Menschen verf\u00fcgen \u00fcber ausreichende Kenntnisse der englischen Sprache. Bereits als Kinder erlernen wir die Grundlagen in der Schule, welche wir w\u00e4hrend der Schullaufbahn, der Berufsausbildung oder des Studiums weiter ausbauen. Das Internet tut sein \u00dcbriges und meistens reichen diese Kenntnisse auch aus!<br \/>\nDoch Hand aufs Herz: Wie sieht es mit den Kenntnissen aus, wenn es um spezielle Fachgebiete geht? Wenn es richtig detailliert wird und kulturelle Unterschiede mit ins Spiel kommen? Auch wenn Sie sich sicher sind, auf dem internationalen Parkett mit Ihrem Gespr\u00e4chspartner \u00fcber viele Gebiete sprechen zu k\u00f6nnen \u2013 w\u00e4re es nicht sch\u00f6n, bei einer wichtigen Veranstaltung oder einem Meeting genau das sagen zu k\u00f6nnen, was Sie wollen und nicht das, was Ihre Fremdsprachenkenntnisse erlauben? Ohne lange nach dem passenden Begriff zu suchen oder Ihre Aussage abschw\u00e4chen m\u00fcssen, weil Ihnen genau das eine Wort gerade nicht in den Sinn kommt? Durch meine Unterst\u00fctzung als professioneller Dolmetscher k\u00f6nnen Sie sich auf Ihre Kernkompetenzen konzentrieren und darauf vertrauen, dass alles genau so bei Ihrem Gegen\u00fcber in seiner Muttersprache ankommt.<\/p>\n","protected":false},"excerpt":{"rendered":"<p>Nimm dir einen Fachmann und bezahl ihn. (A. Schnetzer) Englisch kann doch jeder! Dieser Satz kam mir in meiner Karriere schon sehr oft unter die Ohren! Und Sie haben Recht \u2013 die meisten Menschen verf\u00fcgen \u00fcber ausreichende Kenntnisse der englischen Sprache. Bereits als Kinder erlernen wir die Grundlagen in der Schule, welche wir w\u00e4hrend der&#8230;<\/p>\n","protected":false},"author":1,"featured_media":145,"parent":0,"menu_order":4,"comment_status":"closed","ping_status":"closed","template":"","meta":{"footnotes":""},"class_list":["post-213","page","type-page","status-publish","has-post-thumbnail","hentry"],"_links":{"self":[{"href":"https:\/\/thomas-gehrlein.de\/index.php?rest_route=\/wp\/v2\/pages\/213","targetHints":{"allow":["GET"]}}],"collection":[{"href":"https:\/\/thomas-gehrlein.de\/index.php?rest_route=\/wp\/v2\/pages"}],"about":[{"href":"https:\/\/thomas-gehrlein.de\/index.php?rest_route=\/wp\/v2\/types\/page"}],"author":[{"embeddable":true,"href":"https:\/\/thomas-gehrlein.de\/index.php?rest_route=\/wp\/v2\/users\/1"}],"replies":[{"embeddable":true,"href":"https:\/\/thomas-gehrlein.de\/index.php?rest_route=%2Fwp%2Fv2%2Fcomments&post=213"}],"version-history":[{"count":6,"href":"https:\/\/thomas-gehrlein.de\/index.php?rest_route=\/wp\/v2\/pages\/213\/revisions"}],"predecessor-version":[{"id":326,"href":"https:\/\/thomas-gehrlein.de\/index.php?rest_route=\/wp\/v2\/pages\/213\/revisions\/326"}],"wp:featuredmedia":[{"embeddable":true,"href":"https:\/\/thomas-gehrlein.de\/index.php?rest_route=\/wp\/v2\/media\/145"}],"wp:attachment":[{"href":"https:\/\/thomas-gehrlein.de\/index.php?rest_route=%2Fwp%2Fv2%2Fmedia&parent=213"}],"curies":[{"name":"wp","href":"https:\/\/api.w.org\/{rel}","templated":true}]}}