{"id":259,"date":"2016-07-27T14:26:41","date_gmt":"2016-07-27T12:26:41","guid":{"rendered":"http:\/\/thomas-gehrlein.de\/?page_id=259"},"modified":"2025-09-24T10:51:53","modified_gmt":"2025-09-24T08:51:53","slug":"kosten","status":"publish","type":"page","link":"https:\/\/thomas-gehrlein.de\/?page_id=259&lang=de","title":{"rendered":"Kosten"},"content":{"rendered":"<p>Generell ist es schwierig, pauschal einen Preis f\u00fcr Dolmetschleistungen zu nennen, da viele Faktoren diesen beeinflussen. Wie auch in vielen anderen F\u00e4llen ist es hilfreich, die ber\u00fchmten W-Fragen zu beantworten:<\/p>\n<ul>\n<li>Worum geht es bei der Veranstaltung? Sind es Verhandlungen oder ist es vielleicht eine Produktpr\u00e4sentation oder eine Jahresversammlung?<\/li>\n<li>Wie lange dauert die Veranstaltung? Vielleicht einen oder zwei Tage oder gar eine Woche?<\/li>\n<li>Wer ist Teil der Veranstaltung? Wie viele Teilnehmer ben\u00f6tigen eine Verdolmetschung?<\/li>\n<li>Welche Sprachen werden ben\u00f6tigt? Nur eine Sprachkombination, z. B. Englisch-Deutsch? Oder ben\u00f6tigen Sie auch Spanisch oder Franz\u00f6sisch?<\/li>\n<li>Wo findet die Veranstaltung statt? In einem gro\u00dfen Saal, einem kleinen Konferenzraum oder direkt in der Werkshalle?<\/li>\n<\/ul>\n<p>Kontaktieren Sie mich einfach per E-Mail oder rufen Sie mich an und ich beantworte diese Fragen mit Ihnen und erstelle auf dieser Basis gern ein detailliertes und kostenloses Angebot f\u00fcr Ihre Veranstaltung.<\/p>\n","protected":false},"excerpt":{"rendered":"<p>Generell ist es schwierig, pauschal einen Preis f\u00fcr Dolmetschleistungen zu nennen, da viele Faktoren diesen beeinflussen. Wie auch in vielen anderen F\u00e4llen ist es hilfreich, die ber\u00fchmten W-Fragen zu beantworten: Worum geht es bei der Veranstaltung? Sind es Verhandlungen oder ist es vielleicht eine Produktpr\u00e4sentation oder eine Jahresversammlung? Wie lange dauert die Veranstaltung? Vielleicht einen&#8230;<\/p>\n","protected":false},"author":1,"featured_media":0,"parent":0,"menu_order":5,"comment_status":"closed","ping_status":"closed","template":"","meta":{"footnotes":""},"class_list":["post-259","page","type-page","status-publish","hentry"],"_links":{"self":[{"href":"https:\/\/thomas-gehrlein.de\/index.php?rest_route=\/wp\/v2\/pages\/259","targetHints":{"allow":["GET"]}}],"collection":[{"href":"https:\/\/thomas-gehrlein.de\/index.php?rest_route=\/wp\/v2\/pages"}],"about":[{"href":"https:\/\/thomas-gehrlein.de\/index.php?rest_route=\/wp\/v2\/types\/page"}],"author":[{"embeddable":true,"href":"https:\/\/thomas-gehrlein.de\/index.php?rest_route=\/wp\/v2\/users\/1"}],"replies":[{"embeddable":true,"href":"https:\/\/thomas-gehrlein.de\/index.php?rest_route=%2Fwp%2Fv2%2Fcomments&post=259"}],"version-history":[{"count":2,"href":"https:\/\/thomas-gehrlein.de\/index.php?rest_route=\/wp\/v2\/pages\/259\/revisions"}],"predecessor-version":[{"id":402,"href":"https:\/\/thomas-gehrlein.de\/index.php?rest_route=\/wp\/v2\/pages\/259\/revisions\/402"}],"wp:attachment":[{"href":"https:\/\/thomas-gehrlein.de\/index.php?rest_route=%2Fwp%2Fv2%2Fmedia&parent=259"}],"curies":[{"name":"wp","href":"https:\/\/api.w.org\/{rel}","templated":true}]}}