{"id":80,"date":"2014-07-31T07:31:50","date_gmt":"2014-07-31T05:31:50","guid":{"rendered":"http:\/\/localhost\/wordpress\/?page_id=80"},"modified":"2016-07-27T15:00:18","modified_gmt":"2016-07-27T13:00:18","slug":"home-2","status":"publish","type":"page","link":"https:\/\/thomas-gehrlein.de\/?page_id=80&lang=de","title":{"rendered":"Startseite"},"content":{"rendered":"<div id=\"attachment_197\" style=\"width: 235px\" class=\"wp-caption alignleft\"><a href=\"https:\/\/thomas-gehrlein.de\/wordpress\/wp-content\/uploads\/2016\/07\/business-portrait-thomas-13-1024x1024.jpg\"><img loading=\"lazy\" decoding=\"async\" aria-describedby=\"caption-attachment-197\" class=\"size-medium wp-image-197\" src=\"https:\/\/thomas-gehrlein.de\/wordpress\/wp-content\/uploads\/2016\/07\/business-portrait-thomas-13-1024x1024-225x300.jpg\" alt=\"Thomas Gehrlein, Konferenzdolmetscher\" width=\"225\" height=\"300\" srcset=\"https:\/\/thomas-gehrlein.de\/wordpress\/wp-content\/uploads\/2016\/07\/business-portrait-thomas-13-1024x1024-225x300.jpg 225w, https:\/\/thomas-gehrlein.de\/wordpress\/wp-content\/uploads\/2016\/07\/business-portrait-thomas-13-1024x1024.jpg 768w\" sizes=\"auto, (max-width: 225px) 100vw, 225px\" \/><\/a><p id=\"caption-attachment-197\" class=\"wp-caption-text\">Thomas Gehrlein, Konferenzdolmetscher<\/p><\/div>\n<p>Sie wenden Ihre englischen Sprachkenntnisse bei Meetings mit ausl\u00e4ndischen Gesch\u00e4ftspartnern gern an, f\u00fchlen sich mit professioneller Unterst\u00fctzung allerdings sicherer, wenn es ans Eingemachte geht? Sie planen eine gro\u00dfe Konferenz, bei der Sie sich aber lieber um Ihre Kunden und Partner k\u00fcmmern m\u00f6chten, als sicherzustellen zu m\u00fcssen, dass jeder auch wirklich alles versteht? Oder Ihre In-House-Kapazit\u00e4ten reichen daf\u00fcr nicht aus?<\/p>\n<p>Egal wie Ihre Planung mit Ihren internationalen Partnern aussieht, ich berate Sie als Konferenzdolmetscher f\u00fcr die Sprachkombination Deutsch-Englisch gern und k\u00fcmmere mich um die L\u00f6sung, die perfekt zu Ihrem Vorhaben passt. Mit einem umfassenden Netzwerk an professionellen Konferenzdolmetschern verschiedener Sprach- und Fachrichtungen kann ich diesem Anspruch mit Sicherheit gerecht werden und Ihnen dar\u00fcber hinaus passende Teams zusammenstellen. Auf Wunsch k\u00fcmmere ich mich auch sehr gerne um die ben\u00f6tigte Dolmetschtechnik.<\/p>\n<p>Kontaktieren Sie mich einfach per E-Mail oder telefonisch. Ich freue mich darauf, mit Ihnen eine erfolgreiche Veranstaltung zu planen.<\/p>\n","protected":false},"excerpt":{"rendered":"<p>Sie wenden Ihre englischen Sprachkenntnisse bei Meetings mit ausl\u00e4ndischen Gesch\u00e4ftspartnern gern an, f\u00fchlen sich mit professioneller Unterst\u00fctzung allerdings sicherer, wenn es ans Eingemachte geht? Sie planen eine gro\u00dfe Konferenz, bei der Sie sich aber lieber um Ihre Kunden und Partner k\u00fcmmern m\u00f6chten, als sicherzustellen zu m\u00fcssen, dass jeder auch wirklich alles versteht? Oder Ihre In-House-Kapazit\u00e4ten&#8230;<\/p>\n","protected":false},"author":2,"featured_media":197,"parent":0,"menu_order":1,"comment_status":"closed","ping_status":"closed","template":"","meta":{"footnotes":""},"class_list":["post-80","page","type-page","status-publish","has-post-thumbnail","hentry"],"_links":{"self":[{"href":"https:\/\/thomas-gehrlein.de\/index.php?rest_route=\/wp\/v2\/pages\/80","targetHints":{"allow":["GET"]}}],"collection":[{"href":"https:\/\/thomas-gehrlein.de\/index.php?rest_route=\/wp\/v2\/pages"}],"about":[{"href":"https:\/\/thomas-gehrlein.de\/index.php?rest_route=\/wp\/v2\/types\/page"}],"author":[{"embeddable":true,"href":"https:\/\/thomas-gehrlein.de\/index.php?rest_route=\/wp\/v2\/users\/2"}],"replies":[{"embeddable":true,"href":"https:\/\/thomas-gehrlein.de\/index.php?rest_route=%2Fwp%2Fv2%2Fcomments&post=80"}],"version-history":[{"count":19,"href":"https:\/\/thomas-gehrlein.de\/index.php?rest_route=\/wp\/v2\/pages\/80\/revisions"}],"predecessor-version":[{"id":347,"href":"https:\/\/thomas-gehrlein.de\/index.php?rest_route=\/wp\/v2\/pages\/80\/revisions\/347"}],"wp:featuredmedia":[{"embeddable":true,"href":"https:\/\/thomas-gehrlein.de\/index.php?rest_route=\/wp\/v2\/media\/197"}],"wp:attachment":[{"href":"https:\/\/thomas-gehrlein.de\/index.php?rest_route=%2Fwp%2Fv2%2Fmedia&parent=80"}],"curies":[{"name":"wp","href":"https:\/\/api.w.org\/{rel}","templated":true}]}}